{"id":401071,"date":"2024-10-14T12:15:37","date_gmt":"2024-10-14T10:15:37","guid":{"rendered":"https:\/\/immocity.lu\/?page_id=401071"},"modified":"2025-09-26T09:20:36","modified_gmt":"2025-09-26T07:20:36","slug":"services","status":"publish","type":"page","link":"https:\/\/immocity.lu\/fr\/services\/","title":{"rendered":"Services"},"content":{"rendered":"\t\t<div data-elementor-type=\"wp-page\" data-elementor-id=\"401071\" class=\"elementor elementor-401071 elementor-398498\" data-elementor-post-type=\"page\">\n\t\t\t\t\t\t<section class=\"elementor-section elementor-top-section elementor-element elementor-element-6bb8e15 elementor-section-height-min-height animated-slow elementor-section-boxed elementor-section-height-default elementor-section-items-middle wpr-particle-no wpr-jarallax-no wpr-parallax-no wpr-sticky-section-no wpr-equal-height-no elementor-invisible\" data-id=\"6bb8e15\" data-element_type=\"section\" data-e-type=\"section\" data-settings=\"{&quot;background_background&quot;:&quot;classic&quot;,&quot;animation&quot;:&quot;fadeIn&quot;}\">\n\t\t\t\t\t\t\t<div class=\"elementor-background-overlay\"><\/div>\n\t\t\t\t\t\t\t<div class=\"elementor-container elementor-column-gap-default\">\n\t\t\t\t\t<div class=\"elementor-column elementor-col-100 elementor-top-column elementor-element elementor-element-ece678c\" data-id=\"ece678c\" data-element_type=\"column\" data-e-type=\"column\">\n\t\t\t<div class=\"elementor-widget-wrap\">\n\t\t\t\t\t\t\t<\/div>\n\t\t<\/div>\n\t\t\t\t\t<\/div>\n\t\t<\/section>\n\t\t<div class=\"elementor-element elementor-element-5004626 e-flex e-con-boxed wpr-particle-no wpr-jarallax-no wpr-parallax-no wpr-sticky-section-no wpr-equal-height-no e-con e-parent\" data-id=\"5004626\" data-element_type=\"container\" data-e-type=\"container\">\n\t\t\t\t\t<div class=\"e-con-inner\">\n\t\t<div class=\"elementor-element elementor-element-e672675 e-con-full e-flex wpr-particle-no wpr-jarallax-no wpr-parallax-no wpr-sticky-section-no wpr-equal-height-no e-con e-child\" data-id=\"e672675\" data-element_type=\"container\" data-e-type=\"container\">\n\t\t\t\t<div class=\"elementor-element elementor-element-7cb27a0 elementor-widget__width-inherit elementor-widget elementor-widget-heading\" data-id=\"7cb27a0\" data-element_type=\"widget\" data-e-type=\"widget\" data-widget_type=\"heading.default\">\n\t\t\t\t<div class=\"elementor-widget-container\">\n\t\t\t\t\t<h2 class=\"elementor-heading-title elementor-size-default\">D\u00e9couvrez nos services en gestion immobili\u00e8re<\/h2>\t\t\t\t<\/div>\n\t\t\t\t<\/div>\n\t\t\t\t<\/div>\n\t\t\t\t\t<\/div>\n\t\t\t\t<\/div>\n\t\t<div class=\"elementor-element elementor-element-2330c0d e-flex e-con-boxed wpr-particle-no wpr-jarallax-no wpr-parallax-no wpr-sticky-section-no wpr-equal-height-no e-con e-parent\" data-id=\"2330c0d\" data-element_type=\"container\" data-e-type=\"container\">\n\t\t\t\t\t<div class=\"e-con-inner\">\n\t\t<div class=\"elementor-element elementor-element-d2059bb e-con-full e-flex wpr-particle-no wpr-jarallax-no wpr-parallax-no wpr-sticky-section-no wpr-equal-height-no e-con e-child\" data-id=\"d2059bb\" data-element_type=\"container\" data-e-type=\"container\">\n\t\t<a class=\"eael-wrapper-link-c00df68 --eael-wrapper-link-tag\" href=\"https:\/\/immocity.lu\/fr\/services-gestion-immobiliere\/\"><\/a><div data-eael-wrapper-link=\"eael-wrapper-link-c00df68\" class=\"elementor-element elementor-element-c00df68 e-con-full e-flex wpr-particle-no wpr-jarallax-no wpr-parallax-no wpr-sticky-section-no wpr-equal-height-no e-con e-child\" data-id=\"c00df68\" data-element_type=\"container\" data-e-type=\"container\" data-settings=\"{&quot;background_background&quot;:&quot;classic&quot;}\">\n\t\t\t\t<div class=\"elementor-element elementor-element-88bce94 elementor-widget elementor-widget-heading\" data-id=\"88bce94\" data-element_type=\"widget\" data-e-type=\"widget\" data-widget_type=\"heading.default\">\n\t\t\t\t<div class=\"elementor-widget-container\">\n\t\t\t\t\t<h2 class=\"elementor-heading-title elementor-size-default\">Gestion immobili\u00e8re<\/h2>\t\t\t\t<\/div>\n\t\t\t\t<\/div>\n\t\t\t\t<\/div>\n\t\t<a class=\"eael-wrapper-link-80d82d4 --eael-wrapper-link-tag\" href=\"https:\/\/immocity.lu\/fr\/services-location\/\"><\/a><div data-eael-wrapper-link=\"eael-wrapper-link-80d82d4\" class=\"elementor-element elementor-element-80d82d4 e-con-full e-flex wpr-particle-no wpr-jarallax-no wpr-parallax-no wpr-sticky-section-no wpr-equal-height-no e-con e-child\" data-id=\"80d82d4\" data-element_type=\"container\" data-e-type=\"container\" data-settings=\"{&quot;background_background&quot;:&quot;classic&quot;}\">\n\t\t\t\t<div class=\"elementor-element elementor-element-310df1c elementor-widget elementor-widget-heading\" data-id=\"310df1c\" data-element_type=\"widget\" data-e-type=\"widget\" data-widget_type=\"heading.default\">\n\t\t\t\t<div class=\"elementor-widget-container\">\n\t\t\t\t\t<h2 class=\"elementor-heading-title elementor-size-default\">Location<\/h2>\t\t\t\t<\/div>\n\t\t\t\t<\/div>\n\t\t\t\t<\/div>\n\t\t<a class=\"eael-wrapper-link-6870cad --eael-wrapper-link-tag\" href=\"https:\/\/immocity.lu\/fr\/services-vente\/\"><\/a><div data-eael-wrapper-link=\"eael-wrapper-link-6870cad\" class=\"elementor-element elementor-element-6870cad e-con-full e-flex wpr-particle-no wpr-jarallax-no wpr-parallax-no wpr-sticky-section-no wpr-equal-height-no e-con e-child\" data-id=\"6870cad\" data-element_type=\"container\" data-e-type=\"container\" data-settings=\"{&quot;background_background&quot;:&quot;classic&quot;}\">\n\t\t\t\t<div class=\"elementor-element elementor-element-ebf97ea elementor-widget elementor-widget-heading\" data-id=\"ebf97ea\" data-element_type=\"widget\" data-e-type=\"widget\" data-widget_type=\"heading.default\">\n\t\t\t\t<div class=\"elementor-widget-container\">\n\t\t\t\t\t<h2 class=\"elementor-heading-title elementor-size-default\">Vente<\/h2>\t\t\t\t<\/div>\n\t\t\t\t<\/div>\n\t\t\t\t<\/div>\n\t\t\t\t<\/div>\n\t\t<div class=\"elementor-element elementor-element-1b591de e-con-full e-flex wpr-particle-no wpr-jarallax-no wpr-parallax-no wpr-sticky-section-no wpr-equal-height-no e-con e-child\" data-id=\"1b591de\" data-element_type=\"container\" data-e-type=\"container\">\n\t\t<a class=\"eael-wrapper-link-4ddeba9 --eael-wrapper-link-tag\" href=\"https:\/\/immocity.lu\/fr\/services-mandat-de-recherche\/\"><\/a><div data-eael-wrapper-link=\"eael-wrapper-link-4ddeba9\" class=\"elementor-element elementor-element-4ddeba9 e-con-full e-flex wpr-particle-no wpr-jarallax-no wpr-parallax-no wpr-sticky-section-no wpr-equal-height-no e-con e-child\" data-id=\"4ddeba9\" data-element_type=\"container\" data-e-type=\"container\" data-settings=\"{&quot;background_background&quot;:&quot;classic&quot;}\">\n\t\t\t\t<div class=\"elementor-element elementor-element-227f0ea elementor-widget elementor-widget-heading\" data-id=\"227f0ea\" data-element_type=\"widget\" data-e-type=\"widget\" data-widget_type=\"heading.default\">\n\t\t\t\t<div class=\"elementor-widget-container\">\n\t\t\t\t\t<h2 class=\"elementor-heading-title elementor-size-default\">Mandat de recherche<\/h2>\t\t\t\t<\/div>\n\t\t\t\t<\/div>\n\t\t\t\t<\/div>\n\t\t<a class=\"eael-wrapper-link-b3827ff --eael-wrapper-link-tag\" href=\"https:\/\/immocity.lu\/fr\/services-accompagnement-vefa\/\"><\/a><div data-eael-wrapper-link=\"eael-wrapper-link-b3827ff\" class=\"elementor-element elementor-element-b3827ff e-con-full e-flex wpr-particle-no wpr-jarallax-no wpr-parallax-no wpr-sticky-section-no wpr-equal-height-no e-con e-child\" data-id=\"b3827ff\" data-element_type=\"container\" data-e-type=\"container\" data-settings=\"{&quot;background_background&quot;:&quot;classic&quot;}\">\n\t\t\t\t<div class=\"elementor-element elementor-element-5d5e34c elementor-widget elementor-widget-heading\" data-id=\"5d5e34c\" data-element_type=\"widget\" data-e-type=\"widget\" data-widget_type=\"heading.default\">\n\t\t\t\t<div class=\"elementor-widget-container\">\n\t\t\t\t\t<h2 class=\"elementor-heading-title elementor-size-default\">Accompagnement VEFA<\/h2>\t\t\t\t<\/div>\n\t\t\t\t<\/div>\n\t\t\t\t<\/div>\n\t\t<a class=\"eael-wrapper-link-4ca4ce4 --eael-wrapper-link-tag\" href=\"https:\/\/immocity.lu\/fr\/services-prestations-diverses\/\"><\/a><div data-eael-wrapper-link=\"eael-wrapper-link-4ca4ce4\" class=\"elementor-element elementor-element-4ca4ce4 e-con-full e-flex wpr-particle-no wpr-jarallax-no wpr-parallax-no wpr-sticky-section-no wpr-equal-height-no e-con e-child\" data-id=\"4ca4ce4\" data-element_type=\"container\" data-e-type=\"container\" data-settings=\"{&quot;background_background&quot;:&quot;classic&quot;}\">\n\t\t\t\t<div class=\"elementor-element elementor-element-dc1cd47 elementor-widget elementor-widget-heading\" data-id=\"dc1cd47\" data-element_type=\"widget\" data-e-type=\"widget\" data-widget_type=\"heading.default\">\n\t\t\t\t<div class=\"elementor-widget-container\">\n\t\t\t\t\t<h2 class=\"elementor-heading-title elementor-size-default\">Prestations diverses<\/h2>\t\t\t\t<\/div>\n\t\t\t\t<\/div>\n\t\t\t\t<\/div>\n\t\t\t\t<\/div>\n\t\t\t\t\t<\/div>\n\t\t\t\t<\/div>\n\t\t\t\t<\/div>\n\t\t","protected":false},"excerpt":{"rendered":"<p>D\u00e9couvrez nos services en gestion immobili\u00e8re Gestion immobili\u00e8re Location Vente Mandat de recherche Accompagnement VEFA Prestations diverses<\/p>\n","protected":false},"author":2,"featured_media":0,"parent":0,"menu_order":0,"comment_status":"closed","ping_status":"closed","template":"elementor_header_footer","meta":{"_acf_changed":false,"footnotes":""},"class_list":["post-401071","page","type-page","status-publish","hentry"],"acf":[],"_links":{"self":[{"href":"https:\/\/immocity.lu\/fr\/wp-json\/wp\/v2\/pages\/401071","targetHints":{"allow":["GET"]}}],"collection":[{"href":"https:\/\/immocity.lu\/fr\/wp-json\/wp\/v2\/pages"}],"about":[{"href":"https:\/\/immocity.lu\/fr\/wp-json\/wp\/v2\/types\/page"}],"author":[{"embeddable":true,"href":"https:\/\/immocity.lu\/fr\/wp-json\/wp\/v2\/users\/2"}],"replies":[{"embeddable":true,"href":"https:\/\/immocity.lu\/fr\/wp-json\/wp\/v2\/comments?post=401071"}],"version-history":[{"count":9,"href":"https:\/\/immocity.lu\/fr\/wp-json\/wp\/v2\/pages\/401071\/revisions"}],"predecessor-version":[{"id":461288,"href":"https:\/\/immocity.lu\/fr\/wp-json\/wp\/v2\/pages\/401071\/revisions\/461288"}],"wp:attachment":[{"href":"https:\/\/immocity.lu\/fr\/wp-json\/wp\/v2\/media?parent=401071"}],"curies":[{"name":"wp","href":"https:\/\/api.w.org\/{rel}","templated":true}]}}