{"id":401076,"date":"2024-10-14T12:21:51","date_gmt":"2024-10-14T10:21:51","guid":{"rendered":"https:\/\/immocity.lu\/?page_id=401076"},"modified":"2025-10-14T11:02:22","modified_gmt":"2025-10-14T09:02:22","slug":"services-gestion-immobiliere","status":"publish","type":"page","link":"https:\/\/immocity.lu\/fr\/services-gestion-immobiliere\/","title":{"rendered":"Services : Gestion immobili\u00e8re"},"content":{"rendered":"\t\t<div data-elementor-type=\"wp-page\" data-elementor-id=\"401076\" class=\"elementor elementor-401076 elementor-397704\" data-elementor-post-type=\"page\">\n\t\t\t\t\t\t<section class=\"elementor-section elementor-top-section elementor-element elementor-element-b6b8015 elementor-section-height-min-height animated-slow elementor-section-boxed elementor-section-height-default elementor-section-items-middle wpr-particle-no wpr-jarallax-no wpr-parallax-no wpr-sticky-section-no elementor-invisible\" data-id=\"b6b8015\" data-element_type=\"section\" data-settings=\"{&quot;background_background&quot;:&quot;classic&quot;,&quot;animation&quot;:&quot;fadeIn&quot;}\">\n\t\t\t\t\t\t\t<div class=\"elementor-background-overlay\"><\/div>\n\t\t\t\t\t\t\t<div class=\"elementor-container elementor-column-gap-default\">\n\t\t\t\t\t<div class=\"elementor-column elementor-col-100 elementor-top-column elementor-element elementor-element-7c47362\" data-id=\"7c47362\" data-element_type=\"column\">\n\t\t\t<div class=\"elementor-widget-wrap\">\n\t\t\t\t\t\t\t<\/div>\n\t\t<\/div>\n\t\t\t\t\t<\/div>\n\t\t<\/section>\n\t\t<div class=\"elementor-element elementor-element-cd8e5c6 e-flex e-con-boxed wpr-particle-no wpr-jarallax-no wpr-parallax-no wpr-sticky-section-no e-con e-parent\" data-id=\"cd8e5c6\" data-element_type=\"container\">\n\t\t\t\t\t<div class=\"e-con-inner\">\n\t\t<div class=\"elementor-element elementor-element-3a3f07a e-con-full e-flex wpr-particle-no wpr-jarallax-no wpr-parallax-no wpr-sticky-section-no e-con e-child\" data-id=\"3a3f07a\" data-element_type=\"container\">\n\t\t\t\t<div class=\"elementor-element elementor-element-75e0610 elementor-widget elementor-widget-heading\" data-id=\"75e0610\" data-element_type=\"widget\" data-widget_type=\"heading.default\">\n\t\t\t\t<div class=\"elementor-widget-container\">\n\t\t\t<h2 class=\"elementor-heading-title elementor-size-default\">POURQUOI CHOISIR IMMOCITY LUXEMBOURG POUR LA GESTION DE VOS BIENS ?<\/h2>\t\t<\/div>\n\t\t\t\t<\/div>\n\t\t\t\t<div class=\"elementor-element elementor-element-00366c9 elementor-widget elementor-widget-text-editor\" data-id=\"00366c9\" data-element_type=\"widget\" data-widget_type=\"text-editor.default\">\n\t\t\t\t<div class=\"elementor-widget-container\">\n\t\t\t\t\t\t\t<p>Immocity vous accompagne avec professionnalisme et r\u00e9activit\u00e9 dans la gestion de votre patrimoine immobilier.<\/p><p>Nous cultivons une passion pour le service. Celui-ci est personnalis\u00e9 selon vos besoins, en toute transparence. Tout est ainsi mis en \u0153uvre pour garantir votre tranquillit\u00e9 et assurer la p\u00e9rennit\u00e9 de vos revenus tout en vous \u00e9vitant les soucis d\u2019intendance.<\/p><p>Apporter des solutions, s\u2019adapter au march\u00e9 immobilier, conna\u00eetre la l\u00e9gislation en perp\u00e9tuelle \u00e9volution voil\u00e0 un d\u00e9fi permanent que nous sommes heureux de relever pour vous.<\/p>\t\t\t\t\t\t<\/div>\n\t\t\t\t<\/div>\n\t\t\t\t<\/div>\n\t\t\t\t\t<\/div>\n\t\t\t\t<\/div>\n\t\t<div class=\"elementor-element elementor-element-6201f79 e-flex e-con-boxed wpr-particle-no wpr-jarallax-no wpr-parallax-no wpr-sticky-section-no e-con e-child\" data-id=\"6201f79\" data-element_type=\"container\">\n\t\t\t\t\t<div class=\"e-con-inner\">\n\t\t<div class=\"elementor-element elementor-element-2bf423f e-flex e-con-boxed wpr-particle-no wpr-jarallax-no wpr-parallax-no wpr-sticky-section-no e-con e-child\" data-id=\"2bf423f\" data-element_type=\"container\">\n\t\t\t\t\t<div class=\"e-con-inner\">\n\t\t<div class=\"elementor-element elementor-element-debd4e7 e-con-full e-flex wpr-particle-no wpr-jarallax-no wpr-parallax-no wpr-sticky-section-no e-con e-child\" data-id=\"debd4e7\" data-element_type=\"container\">\n\t\t\t\t<div class=\"elementor-element elementor-element-a8c853d elementor-widget elementor-widget-heading\" data-id=\"a8c853d\" data-element_type=\"widget\" data-widget_type=\"heading.default\">\n\t\t\t\t<div class=\"elementor-widget-container\">\n\t\t\t<h2 class=\"elementor-heading-title elementor-size-default\">LA GESTION LOCATIVE<\/h2>\t\t<\/div>\n\t\t\t\t<\/div>\n\t\t\t\t<div class=\"elementor-element elementor-element-3eb06f0 elementor-widget elementor-widget-text-editor\" data-id=\"3eb06f0\" data-element_type=\"widget\" data-widget_type=\"text-editor.default\">\n\t\t\t\t<div class=\"elementor-widget-container\">\n\t\t\t\t\t\t\t<ul><li>Promotion du bien<\/li><li>Organisation des visites<\/li><li>S\u00e9lection du locataire<\/li><li>V\u00e9rification du dossier<\/li><li>\u00c9tat de lieux d\u2019entr\u00e9e digital<\/li><li>Signature du bail<\/li><li>Renouvellement de l\u2019assurance<\/li><li>Encaissement des loyers<\/li><li>Suivi du non-paiement de loyer<\/li><li>Suivi des travaux<\/li><li>Gestion des demandes du locataire<\/li><li>Visite annuelle du bien<\/li><li>\u00c9tat des lieux digitaux<\/li><li>Suivi de la remise en \u00e9tat<\/li><li>R\u00e9\u00e9valuation du loyer<\/li><\/ul>\t\t\t\t\t\t<\/div>\n\t\t\t\t<\/div>\n\t\t\t\t<\/div>\n\t\t\t\t\t<\/div>\n\t\t\t\t<\/div>\n\t\t<div class=\"elementor-element elementor-element-fd042e9 e-flex e-con-boxed wpr-particle-no wpr-jarallax-no wpr-parallax-no wpr-sticky-section-no e-con e-child\" data-id=\"fd042e9\" data-element_type=\"container\">\n\t\t\t\t\t<div class=\"e-con-inner\">\n\t\t<div class=\"elementor-element elementor-element-416d84f e-con-full e-flex wpr-particle-no wpr-jarallax-no wpr-parallax-no wpr-sticky-section-no e-con e-child\" data-id=\"416d84f\" data-element_type=\"container\">\n\t\t\t\t<div class=\"elementor-element elementor-element-1372b71 elementor-widget elementor-widget-heading\" data-id=\"1372b71\" data-element_type=\"widget\" data-widget_type=\"heading.default\">\n\t\t\t\t<div class=\"elementor-widget-container\">\n\t\t\t<h2 class=\"elementor-heading-title elementor-size-default\">LA GESTION DE VOTRE PROPRI\u00c9T\u00c9<\/h2>\t\t<\/div>\n\t\t\t\t<\/div>\n\t\t\t\t<div class=\"elementor-element elementor-element-cd19643 elementor-widget elementor-widget-text-editor\" data-id=\"cd19643\" data-element_type=\"widget\" data-widget_type=\"text-editor.default\">\n\t\t\t\t<div class=\"elementor-widget-container\">\n\t\t\t\t\t\t\t<ul><li>D\u00e9compte de charges annuel<\/li><li>Coordination des intervenants<\/li><li>Suivi des sinistres<\/li><li>Suivi des contrats d\u2019entretien<\/li><li>Contact r\u00e9gulier avec le syndic<\/li><li>Gardiennage des clefs<\/li><li>Participation aux assembl\u00e9es syndicales<\/li><li>R\u00e9ception et renvoie du courrier<\/li><\/ul>\t\t\t\t\t\t<\/div>\n\t\t\t\t<\/div>\n\t\t\t\t<\/div>\n\t\t<div class=\"elementor-element elementor-element-3621f11 e-con-full e-flex wpr-particle-no wpr-jarallax-no wpr-parallax-no wpr-sticky-section-no e-con e-child\" data-id=\"3621f11\" data-element_type=\"container\">\n\t\t\t\t<div class=\"elementor-element elementor-element-cec5208 elementor-widget elementor-widget-heading\" data-id=\"cec5208\" data-element_type=\"widget\" data-widget_type=\"heading.default\">\n\t\t\t\t<div class=\"elementor-widget-container\">\n\t\t\t<h2 class=\"elementor-heading-title elementor-size-default\">LA GESTION DE VOTRE PATRIMOINE\n<\/h2>\t\t<\/div>\n\t\t\t\t<\/div>\n\t\t\t\t<div class=\"elementor-element elementor-element-59bc145 elementor-widget elementor-widget-text-editor\" data-id=\"59bc145\" data-element_type=\"widget\" data-widget_type=\"text-editor.default\">\n\t\t\t\t<div class=\"elementor-widget-container\">\n\t\t\t\t\t\t\t<ul><li>Archive de tous les documents<\/li><li>Classement des factures<\/li><li>D\u00e9marches administratives<\/li><li>Conseil en gestion de patrimoine et fiscalit\u00e9<\/li><li>\u00c9valuation de votre patrimoine immobilier<\/li><\/ul>\t\t\t\t\t\t<\/div>\n\t\t\t\t<\/div>\n\t\t\t\t<\/div>\n\t\t\t\t\t<\/div>\n\t\t\t\t<\/div>\n\t\t<div class=\"elementor-element elementor-element-8e8c702 e-flex e-con-boxed wpr-particle-no wpr-jarallax-no wpr-parallax-no wpr-sticky-section-no e-con e-child\" data-id=\"8e8c702\" data-element_type=\"container\">\n\t\t\t\t\t<div class=\"e-con-inner\">\n\t\t<div class=\"elementor-element elementor-element-97827a4 e-con-full e-flex wpr-particle-no wpr-jarallax-no wpr-parallax-no wpr-sticky-section-no e-con e-child\" data-id=\"97827a4\" data-element_type=\"container\">\n\t\t\t\t<div class=\"elementor-element elementor-element-f883282 elementor-widget elementor-widget-heading\" data-id=\"f883282\" data-element_type=\"widget\" data-widget_type=\"heading.default\">\n\t\t\t\t<div class=\"elementor-widget-container\">\n\t\t\t<h2 class=\"elementor-heading-title elementor-size-default\">GESTION DE BIENS NEUFS<\/h2>\t\t<\/div>\n\t\t\t\t<\/div>\n\t\t\t\t<div class=\"elementor-element elementor-element-88e4f3c elementor-widget elementor-widget-text-editor\" data-id=\"88e4f3c\" data-element_type=\"widget\" data-widget_type=\"text-editor.default\">\n\t\t\t\t<div class=\"elementor-widget-container\">\n\t\t\t\t\t\t\t<ul><li>Recherche d\u2019un bien d\u2019investissement<\/li><li>Conseil en am\u00e9nagement<\/li><li>Coordination des travaux<\/li><li>Accompagnement \u00e0 la r\u00e9ception\u00a0du bien<\/li><li>Suivi avec le service apr\u00e8s-vente<\/li><li>Actions dans le cadre de la garantie biennale<\/li><\/ul>\t\t\t\t\t\t<\/div>\n\t\t\t\t<\/div>\n\t\t\t\t<\/div>\n\t\t\t\t\t<\/div>\n\t\t\t\t<\/div>\n\t\t\t\t\t<\/div>\n\t\t\t\t<\/div>\n\t\t<div class=\"elementor-element elementor-element-08905a5 e-con-full e-flex wpr-particle-no wpr-jarallax-no wpr-parallax-no wpr-sticky-section-no e-con e-parent\" data-id=\"08905a5\" data-element_type=\"container\">\n\t\t\t\t<div class=\"elementor-element elementor-element-470a6b3 elementor-widget elementor-widget-heading\" data-id=\"470a6b3\" data-element_type=\"widget\" data-widget_type=\"heading.default\">\n\t\t\t\t<div class=\"elementor-widget-container\">\n\t\t\t<h2 class=\"elementor-heading-title elementor-size-default\">D\u00e9couvrez nos autres services<\/h2>\t\t<\/div>\n\t\t\t\t<\/div>\n\t\t<div class=\"elementor-element elementor-element-c12aa1c e-con-full e-flex wpr-particle-no wpr-jarallax-no wpr-parallax-no wpr-sticky-section-no e-con e-child\" data-id=\"c12aa1c\" data-element_type=\"container\">\n\t\t\t\t<div class=\"elementor-element elementor-element-db6382d elementor-align-left elementor-widget elementor-widget-button\" data-id=\"db6382d\" data-element_type=\"widget\" data-widget_type=\"button.default\">\n\t\t\t\t<div class=\"elementor-widget-container\">\n\t\t\t\t\t<div class=\"elementor-button-wrapper\">\n\t\t\t<a class=\"elementor-button elementor-button-link elementor-size-sm\" href=\"https:\/\/immocity.lu\/fr\/services-location\/\">\n\t\t\t\t\t\t<span class=\"elementor-button-content-wrapper\">\n\t\t\t\t\t\t\t\t\t<span class=\"elementor-button-text\">Location<\/span>\n\t\t\t\t\t<\/span>\n\t\t\t\t\t<\/a>\n\t\t<\/div>\n\t\t\t\t<\/div>\n\t\t\t\t<\/div>\n\t\t\t\t<div class=\"elementor-element elementor-element-36191a5 elementor-align-left elementor-widget elementor-widget-button\" data-id=\"36191a5\" data-element_type=\"widget\" data-widget_type=\"button.default\">\n\t\t\t\t<div class=\"elementor-widget-container\">\n\t\t\t\t\t<div class=\"elementor-button-wrapper\">\n\t\t\t<a class=\"elementor-button elementor-button-link elementor-size-sm\" href=\"https:\/\/immocity.lu\/fr\/services-vente\/\">\n\t\t\t\t\t\t<span class=\"elementor-button-content-wrapper\">\n\t\t\t\t\t\t\t\t\t<span class=\"elementor-button-text\">Vente<\/span>\n\t\t\t\t\t<\/span>\n\t\t\t\t\t<\/a>\n\t\t<\/div>\n\t\t\t\t<\/div>\n\t\t\t\t<\/div>\n\t\t\t\t<div class=\"elementor-element elementor-element-5eb50bb elementor-align-left elementor-widget__width-initial elementor-widget elementor-widget-button\" data-id=\"5eb50bb\" data-element_type=\"widget\" data-widget_type=\"button.default\">\n\t\t\t\t<div class=\"elementor-widget-container\">\n\t\t\t\t\t<div class=\"elementor-button-wrapper\">\n\t\t\t<a class=\"elementor-button elementor-button-link elementor-size-sm\" href=\"https:\/\/immocity.lu\/fr\/services-mandat-de-recherche\/\">\n\t\t\t\t\t\t<span class=\"elementor-button-content-wrapper\">\n\t\t\t\t\t\t\t\t\t<span class=\"elementor-button-text\">Mandat de recherche<\/span>\n\t\t\t\t\t<\/span>\n\t\t\t\t\t<\/a>\n\t\t<\/div>\n\t\t\t\t<\/div>\n\t\t\t\t<\/div>\n\t\t\t\t<div class=\"elementor-element elementor-element-b6c186b elementor-align-left elementor-widget__width-initial elementor-widget elementor-widget-button\" data-id=\"b6c186b\" data-element_type=\"widget\" data-widget_type=\"button.default\">\n\t\t\t\t<div class=\"elementor-widget-container\">\n\t\t\t\t\t<div class=\"elementor-button-wrapper\">\n\t\t\t<a class=\"elementor-button elementor-button-link elementor-size-sm\" href=\"https:\/\/immocity.lu\/fr\/services-accompagnement-vefa\/\">\n\t\t\t\t\t\t<span class=\"elementor-button-content-wrapper\">\n\t\t\t\t\t\t\t\t\t<span class=\"elementor-button-text\">Accompagnement VEFA<\/span>\n\t\t\t\t\t<\/span>\n\t\t\t\t\t<\/a>\n\t\t<\/div>\n\t\t\t\t<\/div>\n\t\t\t\t<\/div>\n\t\t\t\t<div class=\"elementor-element elementor-element-801e24d elementor-align-left elementor-widget__width-initial elementor-widget elementor-widget-button\" data-id=\"801e24d\" data-element_type=\"widget\" data-widget_type=\"button.default\">\n\t\t\t\t<div class=\"elementor-widget-container\">\n\t\t\t\t\t<div class=\"elementor-button-wrapper\">\n\t\t\t<a class=\"elementor-button elementor-button-link elementor-size-sm\" href=\"https:\/\/immocity.lu\/fr\/services-prestations-diverses\/\">\n\t\t\t\t\t\t<span class=\"elementor-button-content-wrapper\">\n\t\t\t\t\t\t\t\t\t<span class=\"elementor-button-text\">Prestations diverses<\/span>\n\t\t\t\t\t<\/span>\n\t\t\t\t\t<\/a>\n\t\t<\/div>\n\t\t\t\t<\/div>\n\t\t\t\t<\/div>\n\t\t\t\t<\/div>\n\t\t\t\t<\/div>\n\t\t\t\t<\/div>\n\t\t","protected":false},"excerpt":{"rendered":"<p>POURQUOI CHOISIR IMMOCITY LUXEMBOURG POUR LA GESTION DE VOS BIENS ? Immocity vous accompagne avec professionnalisme et r\u00e9activit\u00e9 dans la gestion de votre patrimoine immobilier. Nous cultivons une passion pour le service. Celui-ci est personnalis\u00e9 selon vos besoins, en toute transparence. Tout est ainsi mis en \u0153uvre pour garantir votre tranquillit\u00e9 et assurer la p\u00e9rennit\u00e9 de vos revenus tout en vous \u00e9vitant les soucis d\u2019intendance. Apporter des solutions, s\u2019adapter au march\u00e9 immobilier, conna\u00eetre la l\u00e9gislation en perp\u00e9tuelle \u00e9volution voil\u00e0 un d\u00e9fi permanent que nous sommes heureux de relever pour vous. LA GESTION LOCATIVE Promotion du bien Organisation des visites S\u00e9lection du locataire V\u00e9rification du dossier \u00c9tat de lieux d\u2019entr\u00e9e digital Signature du bail Renouvellement de l\u2019assurance Encaissement des loyers Suivi du non-paiement de loyer Suivi des travaux Gestion des demandes du locataire Visite annuelle du bien \u00c9tat des lieux digitaux Suivi de la remise en \u00e9tat R\u00e9\u00e9valuation du loyer LA GESTION DE VOTRE PROPRI\u00c9T\u00c9 D\u00e9compte de charges annuel Coordination des intervenants Suivi des sinistres Suivi des contrats d\u2019entretien Contact r\u00e9gulier avec le syndic Gardiennage des clefs Participation aux assembl\u00e9es syndicales R\u00e9ception et renvoie du courrier LA GESTION DE VOTRE PATRIMOINE Archive de tous les documents Classement des factures D\u00e9marches administratives Conseil en gestion de patrimoine et fiscalit\u00e9 \u00c9valuation de votre patrimoine immobilier GESTION DE BIENS NEUFS Recherche d\u2019un bien d\u2019investissement Conseil en am\u00e9nagement Coordination des travaux Accompagnement \u00e0 la r\u00e9ception\u00a0du bien Suivi avec le service apr\u00e8s-vente Actions dans le cadre de la garantie biennale D\u00e9couvrez nos autres services Location Vente Mandat de recherche Accompagnement VEFA Prestations diverses<\/p>\n","protected":false},"author":2,"featured_media":0,"parent":0,"menu_order":0,"comment_status":"closed","ping_status":"closed","template":"elementor_header_footer","meta":{"_acf_changed":false,"footnotes":""},"class_list":["post-401076","page","type-page","status-publish","hentry"],"acf":[],"_links":{"self":[{"href":"https:\/\/immocity.lu\/fr\/wp-json\/wp\/v2\/pages\/401076","targetHints":{"allow":["GET"]}}],"collection":[{"href":"https:\/\/immocity.lu\/fr\/wp-json\/wp\/v2\/pages"}],"about":[{"href":"https:\/\/immocity.lu\/fr\/wp-json\/wp\/v2\/types\/page"}],"author":[{"embeddable":true,"href":"https:\/\/immocity.lu\/fr\/wp-json\/wp\/v2\/users\/2"}],"replies":[{"embeddable":true,"href":"https:\/\/immocity.lu\/fr\/wp-json\/wp\/v2\/comments?post=401076"}],"version-history":[{"count":6,"href":"https:\/\/immocity.lu\/fr\/wp-json\/wp\/v2\/pages\/401076\/revisions"}],"predecessor-version":[{"id":470435,"href":"https:\/\/immocity.lu\/fr\/wp-json\/wp\/v2\/pages\/401076\/revisions\/470435"}],"wp:attachment":[{"href":"https:\/\/immocity.lu\/fr\/wp-json\/wp\/v2\/media?parent=401076"}],"curies":[{"name":"wp","href":"https:\/\/api.w.org\/{rel}","templated":true}]}}