{"id":401091,"date":"2024-10-14T13:37:27","date_gmt":"2024-10-14T11:37:27","guid":{"rendered":"https:\/\/immocity.lu\/?page_id=401091"},"modified":"2025-10-14T11:02:18","modified_gmt":"2025-10-14T09:02:18","slug":"services-mandat-de-recherche","status":"publish","type":"page","link":"https:\/\/immocity.lu\/fr\/services-mandat-de-recherche\/","title":{"rendered":"Services : Mandat de recherche"},"content":{"rendered":"\t\t<div data-elementor-type=\"wp-page\" data-elementor-id=\"401091\" class=\"elementor elementor-401091 elementor-397718\" data-elementor-post-type=\"page\">\n\t\t\t\t\t\t<section class=\"elementor-section elementor-top-section elementor-element elementor-element-da2c66d elementor-section-height-min-height animated-slow elementor-section-full_width elementor-section-height-default elementor-section-items-middle wpr-particle-no wpr-jarallax-no wpr-parallax-no wpr-sticky-section-no wpr-equal-height-no elementor-invisible\" data-id=\"da2c66d\" data-element_type=\"section\" data-e-type=\"section\" data-settings=\"{&quot;background_background&quot;:&quot;classic&quot;,&quot;animation&quot;:&quot;fadeIn&quot;}\">\n\t\t\t\t\t\t\t<div class=\"elementor-background-overlay\"><\/div>\n\t\t\t\t\t\t\t<div class=\"elementor-container elementor-column-gap-default\">\n\t\t\t\t\t<div class=\"elementor-column elementor-col-100 elementor-top-column elementor-element elementor-element-5834425\" data-id=\"5834425\" data-element_type=\"column\" data-e-type=\"column\">\n\t\t\t<div class=\"elementor-widget-wrap\">\n\t\t\t\t\t\t\t<\/div>\n\t\t<\/div>\n\t\t\t\t\t<\/div>\n\t\t<\/section>\n\t\t<div class=\"elementor-element elementor-element-43934a2 e-flex e-con-boxed wpr-particle-no wpr-jarallax-no wpr-parallax-no wpr-sticky-section-no wpr-equal-height-no e-con e-parent\" data-id=\"43934a2\" data-element_type=\"container\" data-e-type=\"container\">\n\t\t\t\t\t<div class=\"e-con-inner\">\n\t\t<div class=\"elementor-element elementor-element-0a9fde1 e-con-full e-flex wpr-particle-no wpr-jarallax-no wpr-parallax-no wpr-sticky-section-no wpr-equal-height-no e-con e-child\" data-id=\"0a9fde1\" data-element_type=\"container\" data-e-type=\"container\">\n\t\t\t\t<\/div>\n\t\t\t\t\t<\/div>\n\t\t\t\t<\/div>\n\t\t<div class=\"elementor-element elementor-element-cd8e5c6 e-flex e-con-boxed wpr-particle-no wpr-jarallax-no wpr-parallax-no wpr-sticky-section-no wpr-equal-height-no e-con e-parent\" data-id=\"cd8e5c6\" data-element_type=\"container\" data-e-type=\"container\">\n\t\t\t\t\t<div class=\"e-con-inner\">\n\t\t<div class=\"elementor-element elementor-element-3a3f07a e-con-full e-flex wpr-particle-no wpr-jarallax-no wpr-parallax-no wpr-sticky-section-no wpr-equal-height-no e-con e-child\" data-id=\"3a3f07a\" data-element_type=\"container\" data-e-type=\"container\">\n\t\t\t\t<div class=\"elementor-element elementor-element-75e0610 elementor-widget elementor-widget-heading\" data-id=\"75e0610\" data-element_type=\"widget\" data-e-type=\"widget\" data-widget_type=\"heading.default\">\n\t\t\t\t<div class=\"elementor-widget-container\">\n\t\t\t\t\t<h2 class=\"elementor-heading-title elementor-size-default\">POURQUOI VOUS PROPOSER CE SERVICE ?<\/h2>\t\t\t\t<\/div>\n\t\t\t\t<\/div>\n\t\t\t\t<div class=\"elementor-element elementor-element-00366c9 elementor-widget elementor-widget-text-editor\" data-id=\"00366c9\" data-element_type=\"widget\" data-e-type=\"widget\" data-widget_type=\"text-editor.default\">\n\t\t\t\t<div class=\"elementor-widget-container\">\n\t\t\t\t\t\t\t\t\t<p>Rechercher un bien immobilier au Luxembourg peut s\u2019av\u00e9rer \u00eatre une \u00e9preuve difficile, avec peu de biens \u00e0 vendre, beaucoup de demandes et des biens absents d\u2019internet.<\/p><p>Face \u00e0 cette situation, nos clients font appel \u00e0 Immocity Luxembourg, et nous confient un mandat de recherche.<\/p>\t\t\t\t\t\t\t\t<\/div>\n\t\t\t\t<\/div>\n\t\t\t\t<div class=\"elementor-element elementor-element-fa38397 elementor-widget elementor-widget-heading\" data-id=\"fa38397\" data-element_type=\"widget\" data-e-type=\"widget\" data-widget_type=\"heading.default\">\n\t\t\t\t<div class=\"elementor-widget-container\">\n\t\t\t\t\t<h2 class=\"elementor-heading-title elementor-size-default\">QU'EST-CE QU'UN MANDAT DE RECHERCHE ?<\/h2>\t\t\t\t<\/div>\n\t\t\t\t<\/div>\n\t\t\t\t<div class=\"elementor-element elementor-element-f5f79e0 elementor-widget elementor-widget-text-editor\" data-id=\"f5f79e0\" data-element_type=\"widget\" data-e-type=\"widget\" data-widget_type=\"text-editor.default\">\n\t\t\t\t<div class=\"elementor-widget-container\">\n\t\t\t\t\t\t\t\t\tC\u2019est un contrat par lequel un client  fait appel \u00e0 un professionnel de l\u2019immobilier pour rechercher un bien en son nom, que cela soit la maison de vos r\u00eaves ou un bien d\u2019investissement. Le professionnel de l\u2019immobilier est compl\u00e9tement au service de l\u2019acheteur et non du vendeur.\t\t\t\t\t\t\t\t<\/div>\n\t\t\t\t<\/div>\n\t\t\t\t<div class=\"elementor-element elementor-element-6807d86 elementor-widget elementor-widget-heading\" data-id=\"6807d86\" data-element_type=\"widget\" data-e-type=\"widget\" data-widget_type=\"heading.default\">\n\t\t\t\t<div class=\"elementor-widget-container\">\n\t\t\t\t\t<h2 class=\"elementor-heading-title elementor-size-default\">POURQUOI FAIRE UN MANDAT DE RECHERCHE ?<\/h2>\t\t\t\t<\/div>\n\t\t\t\t<\/div>\n\t\t\t\t<div class=\"elementor-element elementor-element-a74ec83 elementor-widget elementor-widget-text-editor\" data-id=\"a74ec83\" data-element_type=\"widget\" data-e-type=\"widget\" data-widget_type=\"text-editor.default\">\n\t\t\t\t<div class=\"elementor-widget-container\">\n\t\t\t\t\t\t\t\t\t<ul><li>Une demande sup\u00e9rieure \u00e0 l\u2019offre.<\/li><li>Nombreux biens sont hors-march\u00e9s et ne sont pas publi\u00e9s sur internet.<\/li><li>Gain de temps.<\/li><li>Achat au prix du march\u00e9.<\/li><li>Une n\u00e9gociation au meilleur prix, gr\u00e2ce \u00e0 notre connaissance du march\u00e9 et de son \u00e9volution.<\/li><\/ul>\t\t\t\t\t\t\t\t<\/div>\n\t\t\t\t<\/div>\n\t\t\t\t<div class=\"elementor-element elementor-element-d03cff9 elementor-widget elementor-widget-heading\" data-id=\"d03cff9\" data-element_type=\"widget\" data-e-type=\"widget\" data-widget_type=\"heading.default\">\n\t\t\t\t<div class=\"elementor-widget-container\">\n\t\t\t\t\t<h2 class=\"elementor-heading-title elementor-size-default\">LES SERVICES QUE NOUS VOUS PROPOSONS :<\/h2>\t\t\t\t<\/div>\n\t\t\t\t<\/div>\n\t\t\t\t<div class=\"elementor-element elementor-element-a6ef7ef elementor-widget elementor-widget-text-editor\" data-id=\"a6ef7ef\" data-element_type=\"widget\" data-e-type=\"widget\" data-widget_type=\"text-editor.default\">\n\t\t\t\t<div class=\"elementor-widget-container\">\n\t\t\t\t\t\t\t\t\t<ul><li>Recherche de biens immobiliers sur et hors-march\u00e9.<\/li><li>Premi\u00e8re visite des lieux par l\u2019agence.<\/li><li>Estimation immobili\u00e8re du bien.<\/li><li>Visite du bien avec le client.<\/li><li>N\u00e9gociation du prix avec le vendeur.<\/li><li>Dossier administratif et suivi complet jusqu\u2019\u00e0 l\u2019acte d\u2019achat notari\u00e9.<\/li><\/ul>\t\t\t\t\t\t\t\t<\/div>\n\t\t\t\t<\/div>\n\t\t\t\t<\/div>\n\t\t<div class=\"elementor-element elementor-element-7dd437f e-flex e-con-boxed wpr-particle-no wpr-jarallax-no wpr-parallax-no wpr-sticky-section-no wpr-equal-height-no e-con e-child\" data-id=\"7dd437f\" data-element_type=\"container\" data-e-type=\"container\">\n\t\t\t\t\t<div class=\"e-con-inner\">\n\t\t\t\t<div class=\"elementor-element elementor-element-d524be2 elementor-widget elementor-widget-image\" data-id=\"d524be2\" data-element_type=\"widget\" data-e-type=\"widget\" data-widget_type=\"image.default\">\n\t\t\t\t<div class=\"elementor-widget-container\">\n\t\t\t\t\t\t\t\t\t\t\t\t\t\t\t<img fetchpriority=\"high\" decoding=\"async\" width=\"1024\" height=\"683\" src=\"https:\/\/immocity.lu\/wp-content\/uploads\/2024\/07\/smiling-real-estate-agent-talking-with-couple-interested-buying-new-home-1024x683.jpg\" class=\"attachment-large size-large wp-image-397067\" alt=\"Visiting an apartment\" srcset=\"https:\/\/immocity.lu\/wp-content\/uploads\/2024\/07\/smiling-real-estate-agent-talking-with-couple-interested-buying-new-home-1024x683.jpg 1024w, https:\/\/immocity.lu\/wp-content\/uploads\/2024\/07\/smiling-real-estate-agent-talking-with-couple-interested-buying-new-home-300x200.jpg 300w, https:\/\/immocity.lu\/wp-content\/uploads\/2024\/07\/smiling-real-estate-agent-talking-with-couple-interested-buying-new-home-768x512.jpg 768w, https:\/\/immocity.lu\/wp-content\/uploads\/2024\/07\/smiling-real-estate-agent-talking-with-couple-interested-buying-new-home-1536x1024.jpg 1536w, https:\/\/immocity.lu\/wp-content\/uploads\/2024\/07\/smiling-real-estate-agent-talking-with-couple-interested-buying-new-home-2048x1365.jpg 2048w, https:\/\/immocity.lu\/wp-content\/uploads\/2024\/07\/smiling-real-estate-agent-talking-with-couple-interested-buying-new-home-900x600.jpg 900w, https:\/\/immocity.lu\/wp-content\/uploads\/2024\/07\/smiling-real-estate-agent-talking-with-couple-interested-buying-new-home-496x331.jpg 496w\" sizes=\"(max-width: 1024px) 100vw, 1024px\" \/>\t\t\t\t\t\t\t\t\t\t\t\t\t\t\t<\/div>\n\t\t\t\t<\/div>\n\t\t\t\t\t<\/div>\n\t\t\t\t<\/div>\n\t\t\t\t\t<\/div>\n\t\t\t\t<\/div>\n\t\t<div class=\"elementor-element elementor-element-08905a5 e-con-full e-flex wpr-particle-no wpr-jarallax-no wpr-parallax-no wpr-sticky-section-no wpr-equal-height-no e-con e-parent\" data-id=\"08905a5\" data-element_type=\"container\" data-e-type=\"container\">\n\t\t\t\t<div class=\"elementor-element elementor-element-24085f9 elementor-widget elementor-widget-heading\" data-id=\"24085f9\" data-element_type=\"widget\" data-e-type=\"widget\" data-widget_type=\"heading.default\">\n\t\t\t\t<div class=\"elementor-widget-container\">\n\t\t\t\t\t<h2 class=\"elementor-heading-title elementor-size-default\">D\u00e9couvrez nos autres services<\/h2>\t\t\t\t<\/div>\n\t\t\t\t<\/div>\n\t\t<div class=\"elementor-element elementor-element-726b5c5 e-con-full e-flex wpr-particle-no wpr-jarallax-no wpr-parallax-no wpr-sticky-section-no wpr-equal-height-no e-con e-child\" data-id=\"726b5c5\" data-element_type=\"container\" data-e-type=\"container\">\n\t\t\t\t<div class=\"elementor-element elementor-element-cd9e8ef elementor-align-left elementor-widget elementor-widget-button\" data-id=\"cd9e8ef\" data-element_type=\"widget\" data-e-type=\"widget\" data-widget_type=\"button.default\">\n\t\t\t\t<div class=\"elementor-widget-container\">\n\t\t\t\t\t\t\t\t\t<div class=\"elementor-button-wrapper\">\n\t\t\t\t\t<a class=\"elementor-button elementor-button-link elementor-size-sm\" href=\"https:\/\/immocity.lu\/fr\/services-location\/\">\n\t\t\t\t\t\t<span class=\"elementor-button-content-wrapper\">\n\t\t\t\t\t\t\t\t\t<span class=\"elementor-button-text\">Location<\/span>\n\t\t\t\t\t<\/span>\n\t\t\t\t\t<\/a>\n\t\t\t\t<\/div>\n\t\t\t\t\t\t\t\t<\/div>\n\t\t\t\t<\/div>\n\t\t\t\t<div class=\"elementor-element elementor-element-3abc190 elementor-align-left elementor-widget elementor-widget-button\" data-id=\"3abc190\" data-element_type=\"widget\" data-e-type=\"widget\" data-widget_type=\"button.default\">\n\t\t\t\t<div class=\"elementor-widget-container\">\n\t\t\t\t\t\t\t\t\t<div class=\"elementor-button-wrapper\">\n\t\t\t\t\t<a class=\"elementor-button elementor-button-link elementor-size-sm\" href=\"https:\/\/immocity.lu\/fr\/services-vente\/\">\n\t\t\t\t\t\t<span class=\"elementor-button-content-wrapper\">\n\t\t\t\t\t\t\t\t\t<span class=\"elementor-button-text\">Vente<\/span>\n\t\t\t\t\t<\/span>\n\t\t\t\t\t<\/a>\n\t\t\t\t<\/div>\n\t\t\t\t\t\t\t\t<\/div>\n\t\t\t\t<\/div>\n\t\t\t\t<div class=\"elementor-element elementor-element-09e37df elementor-align-left elementor-widget elementor-widget-button\" data-id=\"09e37df\" data-element_type=\"widget\" data-e-type=\"widget\" data-widget_type=\"button.default\">\n\t\t\t\t<div class=\"elementor-widget-container\">\n\t\t\t\t\t\t\t\t\t<div class=\"elementor-button-wrapper\">\n\t\t\t\t\t<a class=\"elementor-button elementor-button-link elementor-size-sm\" href=\"https:\/\/immocity.lu\/fr\/services-gestion-immobiliere\/\">\n\t\t\t\t\t\t<span class=\"elementor-button-content-wrapper\">\n\t\t\t\t\t\t\t\t\t<span class=\"elementor-button-text\">Gestion immobili\u00e8re<\/span>\n\t\t\t\t\t<\/span>\n\t\t\t\t\t<\/a>\n\t\t\t\t<\/div>\n\t\t\t\t\t\t\t\t<\/div>\n\t\t\t\t<\/div>\n\t\t\t\t<div class=\"elementor-element elementor-element-f3ddca3 elementor-align-left elementor-widget__width-initial elementor-widget elementor-widget-button\" data-id=\"f3ddca3\" data-element_type=\"widget\" data-e-type=\"widget\" data-widget_type=\"button.default\">\n\t\t\t\t<div class=\"elementor-widget-container\">\n\t\t\t\t\t\t\t\t\t<div class=\"elementor-button-wrapper\">\n\t\t\t\t\t<a class=\"elementor-button elementor-button-link elementor-size-sm\" href=\"https:\/\/immocity.lu\/fr\/services-accompagnement-vefa\/\">\n\t\t\t\t\t\t<span class=\"elementor-button-content-wrapper\">\n\t\t\t\t\t\t\t\t\t<span class=\"elementor-button-text\">Accompagnement VEFA<\/span>\n\t\t\t\t\t<\/span>\n\t\t\t\t\t<\/a>\n\t\t\t\t<\/div>\n\t\t\t\t\t\t\t\t<\/div>\n\t\t\t\t<\/div>\n\t\t\t\t<div class=\"elementor-element elementor-element-2b27467 elementor-align-left elementor-widget__width-initial elementor-widget elementor-widget-button\" data-id=\"2b27467\" data-element_type=\"widget\" data-e-type=\"widget\" data-widget_type=\"button.default\">\n\t\t\t\t<div class=\"elementor-widget-container\">\n\t\t\t\t\t\t\t\t\t<div class=\"elementor-button-wrapper\">\n\t\t\t\t\t<a class=\"elementor-button elementor-button-link elementor-size-sm\" href=\"https:\/\/immocity.lu\/fr\/services-prestations-diverses\/\">\n\t\t\t\t\t\t<span class=\"elementor-button-content-wrapper\">\n\t\t\t\t\t\t\t\t\t<span class=\"elementor-button-text\">Prestations diverses<\/span>\n\t\t\t\t\t<\/span>\n\t\t\t\t\t<\/a>\n\t\t\t\t<\/div>\n\t\t\t\t\t\t\t\t<\/div>\n\t\t\t\t<\/div>\n\t\t\t\t<\/div>\n\t\t\t\t<\/div>\n\t\t\t\t<\/div>\n\t\t","protected":false},"excerpt":{"rendered":"<p>POURQUOI VOUS PROPOSER CE SERVICE ? Rechercher un bien immobilier au Luxembourg peut s\u2019av\u00e9rer \u00eatre une \u00e9preuve difficile, avec peu de biens \u00e0 vendre, beaucoup de demandes et des biens absents d\u2019internet. Face \u00e0 cette situation, nos clients font appel \u00e0 Immocity Luxembourg, et nous confient un mandat de recherche. QU&#8217;EST-CE QU&#8217;UN MANDAT DE RECHERCHE ? C\u2019est un contrat par lequel un client fait appel \u00e0 un professionnel de l\u2019immobilier pour rechercher un bien en son nom, que cela soit la maison de vos r\u00eaves ou un bien d\u2019investissement. Le professionnel de l\u2019immobilier est compl\u00e9tement au service de l\u2019acheteur et non du vendeur. POURQUOI FAIRE UN MANDAT DE RECHERCHE ? Une demande sup\u00e9rieure \u00e0 l\u2019offre. Nombreux biens sont hors-march\u00e9s et ne sont pas publi\u00e9s sur internet. Gain de temps. Achat au prix du march\u00e9. Une n\u00e9gociation au meilleur prix, gr\u00e2ce \u00e0 notre connaissance du march\u00e9 et de son \u00e9volution. LES SERVICES QUE NOUS VOUS PROPOSONS : Recherche de biens immobiliers sur et hors-march\u00e9. Premi\u00e8re visite des lieux par l\u2019agence. Estimation immobili\u00e8re du bien. Visite du bien avec le client. N\u00e9gociation du prix avec le vendeur. Dossier administratif et suivi complet jusqu\u2019\u00e0 l\u2019acte d\u2019achat notari\u00e9. D\u00e9couvrez nos autres services Location Vente Gestion immobili\u00e8re Accompagnement VEFA Prestations diverses<\/p>\n","protected":false},"author":2,"featured_media":0,"parent":0,"menu_order":0,"comment_status":"closed","ping_status":"closed","template":"elementor_header_footer","meta":{"_acf_changed":false,"footnotes":""},"class_list":["post-401091","page","type-page","status-publish","hentry"],"acf":[],"_links":{"self":[{"href":"https:\/\/immocity.lu\/fr\/wp-json\/wp\/v2\/pages\/401091","targetHints":{"allow":["GET"]}}],"collection":[{"href":"https:\/\/immocity.lu\/fr\/wp-json\/wp\/v2\/pages"}],"about":[{"href":"https:\/\/immocity.lu\/fr\/wp-json\/wp\/v2\/types\/page"}],"author":[{"embeddable":true,"href":"https:\/\/immocity.lu\/fr\/wp-json\/wp\/v2\/users\/2"}],"replies":[{"embeddable":true,"href":"https:\/\/immocity.lu\/fr\/wp-json\/wp\/v2\/comments?post=401091"}],"version-history":[{"count":9,"href":"https:\/\/immocity.lu\/fr\/wp-json\/wp\/v2\/pages\/401091\/revisions"}],"predecessor-version":[{"id":470433,"href":"https:\/\/immocity.lu\/fr\/wp-json\/wp\/v2\/pages\/401091\/revisions\/470433"}],"wp:attachment":[{"href":"https:\/\/immocity.lu\/fr\/wp-json\/wp\/v2\/media?parent=401091"}],"curies":[{"name":"wp","href":"https:\/\/api.w.org\/{rel}","templated":true}]}}