{"id":401096,"date":"2024-10-14T13:47:00","date_gmt":"2024-10-14T11:47:00","guid":{"rendered":"https:\/\/immocity.lu\/?page_id=401096"},"modified":"2025-10-14T11:01:17","modified_gmt":"2025-10-14T09:01:17","slug":"services-vente","status":"publish","type":"page","link":"https:\/\/immocity.lu\/fr\/services-vente\/","title":{"rendered":"Services : Vente"},"content":{"rendered":"\t\t<div data-elementor-type=\"wp-page\" data-elementor-id=\"401096\" class=\"elementor elementor-401096 elementor-397733\" data-elementor-post-type=\"page\">\n\t\t\t\t\t\t<section class=\"elementor-section elementor-top-section elementor-element elementor-element-6c6059a elementor-section-height-min-height animated-slow elementor-section-boxed elementor-section-height-default elementor-section-items-middle wpr-particle-no wpr-jarallax-no wpr-parallax-no wpr-sticky-section-no elementor-invisible\" data-id=\"6c6059a\" data-element_type=\"section\" data-settings=\"{&quot;background_background&quot;:&quot;classic&quot;,&quot;animation&quot;:&quot;fadeIn&quot;}\">\n\t\t\t\t\t\t\t<div class=\"elementor-background-overlay\"><\/div>\n\t\t\t\t\t\t\t<div class=\"elementor-container elementor-column-gap-default\">\n\t\t\t\t\t<div class=\"elementor-column elementor-col-100 elementor-top-column elementor-element elementor-element-84fba3e\" data-id=\"84fba3e\" data-element_type=\"column\">\n\t\t\t<div class=\"elementor-widget-wrap\">\n\t\t\t\t\t\t\t<\/div>\n\t\t<\/div>\n\t\t\t\t\t<\/div>\n\t\t<\/section>\n\t\t<div class=\"elementor-element elementor-element-cd8e5c6 e-flex e-con-boxed wpr-particle-no wpr-jarallax-no wpr-parallax-no wpr-sticky-section-no e-con e-parent\" data-id=\"cd8e5c6\" data-element_type=\"container\">\n\t\t\t\t\t<div class=\"e-con-inner\">\n\t\t<div class=\"elementor-element elementor-element-3a3f07a e-con-full e-flex wpr-particle-no wpr-jarallax-no wpr-parallax-no wpr-sticky-section-no e-con e-child\" data-id=\"3a3f07a\" data-element_type=\"container\">\n\t\t\t\t<div class=\"elementor-element elementor-element-10f5f18 elementor-widget elementor-widget-heading\" data-id=\"10f5f18\" data-element_type=\"widget\" data-widget_type=\"heading.default\">\n\t\t\t\t<div class=\"elementor-widget-container\">\n\t\t\t<h2 class=\"elementor-heading-title elementor-size-default\">NOUS PROPOSONS UNE ESTIMATION GRATUITE AVEC VISITE SUR PLACE<\/h2>\t\t<\/div>\n\t\t\t\t<\/div>\n\t\t\t\t<div class=\"elementor-element elementor-element-d3756ae elementor-widget elementor-widget-text-editor\" data-id=\"d3756ae\" data-element_type=\"widget\" data-widget_type=\"text-editor.default\">\n\t\t\t\t<div class=\"elementor-widget-container\">\n\t\t\t\t\t\t\tLes logiciels n\u2019ont ni l\u2019exp\u00e9rience ni la sensibilit\u00e9 d\u2019une \u00e9quipe de professionnels pour \u00e9valuer votre bien. Pour toute estimation un collaborateur expert se rendra sur place afin de s\u2019impr\u00e9gner de la localisation de votre bien, de l\u2019\u00e9tat de la copropri\u00e9t\u00e9, notera les atouts et effectuera une \u00e9tude de march\u00e9 comparative afin d\u2019en tirer le meilleur prix mais dans un d\u00e9lai raisonnable.\n\nLe prix pourra lui-m\u00eame \u00eatre adapt\u00e9 en fonction de votre situation personnelle.\n\n50% des biens vendus par Immocity, le sont sans publicit\u00e9, gr\u00e2ce \u00e0 notre r\u00e9seau interne de clients.\t\t\t\t\t\t<\/div>\n\t\t\t\t<\/div>\n\t\t\t\t<div class=\"elementor-element elementor-element-d084c94 elementor-widget elementor-widget-heading\" data-id=\"d084c94\" data-element_type=\"widget\" data-widget_type=\"heading.default\">\n\t\t\t\t<div class=\"elementor-widget-container\">\n\t\t\t<h2 class=\"elementor-heading-title elementor-size-default\">VENDRE OU LOUER VOTRE BIEN : <\/h2>\t\t<\/div>\n\t\t\t\t<\/div>\n\t\t\t\t<div class=\"elementor-element elementor-element-de0c618 elementor-widget elementor-widget-text-editor\" data-id=\"de0c618\" data-element_type=\"widget\" data-widget_type=\"text-editor.default\">\n\t\t\t\t<div class=\"elementor-widget-container\">\n\t\t\t\t\t\t\t<p>Pour effectuer un rendez-vous pour une estimation de votre bien, compl\u00e9tez le formulaire et indiquez-nous vos disponibilit\u00e9s directement en ligne. Un collaborateur prendra contact rapidement avec vous.<\/p>\t\t\t\t\t\t<\/div>\n\t\t\t\t<\/div>\n\t\t\t\t<\/div>\n\t\t\t\t\t<\/div>\n\t\t\t\t<\/div>\n\t\t<div class=\"elementor-element elementor-element-08905a5 e-con-full e-flex wpr-particle-no wpr-jarallax-no wpr-parallax-no wpr-sticky-section-no e-con e-parent\" data-id=\"08905a5\" data-element_type=\"container\">\n\t\t\t\t<div class=\"elementor-element elementor-element-4774f39 elementor-widget elementor-widget-heading\" data-id=\"4774f39\" data-element_type=\"widget\" data-widget_type=\"heading.default\">\n\t\t\t\t<div class=\"elementor-widget-container\">\n\t\t\t<h2 class=\"elementor-heading-title elementor-size-default\">D\u00e9couvrez nos autres services<\/h2>\t\t<\/div>\n\t\t\t\t<\/div>\n\t\t<div class=\"elementor-element elementor-element-77f505a e-con-full e-flex wpr-particle-no wpr-jarallax-no wpr-parallax-no wpr-sticky-section-no e-con e-child\" data-id=\"77f505a\" data-element_type=\"container\">\n\t\t\t\t<div class=\"elementor-element elementor-element-52cca1e elementor-align-left elementor-widget elementor-widget-button\" data-id=\"52cca1e\" data-element_type=\"widget\" data-widget_type=\"button.default\">\n\t\t\t\t<div class=\"elementor-widget-container\">\n\t\t\t\t\t<div class=\"elementor-button-wrapper\">\n\t\t\t<a class=\"elementor-button elementor-button-link elementor-size-sm\" href=\"https:\/\/immocity.lu\/fr\/services-location\/\">\n\t\t\t\t\t\t<span class=\"elementor-button-content-wrapper\">\n\t\t\t\t\t\t\t\t\t<span class=\"elementor-button-text\">Location<\/span>\n\t\t\t\t\t<\/span>\n\t\t\t\t\t<\/a>\n\t\t<\/div>\n\t\t\t\t<\/div>\n\t\t\t\t<\/div>\n\t\t\t\t<div class=\"elementor-element elementor-element-b5c04ab elementor-align-left elementor-widget elementor-widget-button\" data-id=\"b5c04ab\" data-element_type=\"widget\" data-widget_type=\"button.default\">\n\t\t\t\t<div class=\"elementor-widget-container\">\n\t\t\t\t\t<div class=\"elementor-button-wrapper\">\n\t\t\t<a class=\"elementor-button elementor-button-link elementor-size-sm\" href=\"https:\/\/immocity.lu\/fr\/services-gestion-immobiliere\/\">\n\t\t\t\t\t\t<span class=\"elementor-button-content-wrapper\">\n\t\t\t\t\t\t\t\t\t<span class=\"elementor-button-text\">Gestion immobili\u00e8re<\/span>\n\t\t\t\t\t<\/span>\n\t\t\t\t\t<\/a>\n\t\t<\/div>\n\t\t\t\t<\/div>\n\t\t\t\t<\/div>\n\t\t\t\t<div class=\"elementor-element elementor-element-3364127 elementor-align-left elementor-widget__width-initial elementor-widget elementor-widget-button\" data-id=\"3364127\" data-element_type=\"widget\" data-widget_type=\"button.default\">\n\t\t\t\t<div class=\"elementor-widget-container\">\n\t\t\t\t\t<div class=\"elementor-button-wrapper\">\n\t\t\t<a class=\"elementor-button elementor-button-link elementor-size-sm\" href=\"https:\/\/immocity.lu\/fr\/services-mandat-de-recherche\/\">\n\t\t\t\t\t\t<span class=\"elementor-button-content-wrapper\">\n\t\t\t\t\t\t\t\t\t<span class=\"elementor-button-text\">Mandat de recherche<\/span>\n\t\t\t\t\t<\/span>\n\t\t\t\t\t<\/a>\n\t\t<\/div>\n\t\t\t\t<\/div>\n\t\t\t\t<\/div>\n\t\t\t\t<div class=\"elementor-element elementor-element-d7817ea elementor-align-left elementor-widget__width-initial elementor-widget elementor-widget-button\" data-id=\"d7817ea\" data-element_type=\"widget\" data-widget_type=\"button.default\">\n\t\t\t\t<div class=\"elementor-widget-container\">\n\t\t\t\t\t<div class=\"elementor-button-wrapper\">\n\t\t\t<a class=\"elementor-button elementor-button-link elementor-size-sm\" href=\"https:\/\/immocity.lu\/fr\/services-accompagnement-vefa\/\">\n\t\t\t\t\t\t<span class=\"elementor-button-content-wrapper\">\n\t\t\t\t\t\t\t\t\t<span class=\"elementor-button-text\">Accompagnement VEFA<\/span>\n\t\t\t\t\t<\/span>\n\t\t\t\t\t<\/a>\n\t\t<\/div>\n\t\t\t\t<\/div>\n\t\t\t\t<\/div>\n\t\t\t\t<div class=\"elementor-element elementor-element-4a86dd5 elementor-align-left elementor-widget__width-initial elementor-widget elementor-widget-button\" data-id=\"4a86dd5\" data-element_type=\"widget\" data-widget_type=\"button.default\">\n\t\t\t\t<div class=\"elementor-widget-container\">\n\t\t\t\t\t<div class=\"elementor-button-wrapper\">\n\t\t\t<a class=\"elementor-button elementor-button-link elementor-size-sm\" href=\"https:\/\/immocity.lu\/fr\/services-prestations-diverses\/\">\n\t\t\t\t\t\t<span class=\"elementor-button-content-wrapper\">\n\t\t\t\t\t\t\t\t\t<span class=\"elementor-button-text\">Prestations diverses<\/span>\n\t\t\t\t\t<\/span>\n\t\t\t\t\t<\/a>\n\t\t<\/div>\n\t\t\t\t<\/div>\n\t\t\t\t<\/div>\n\t\t\t\t<\/div>\n\t\t\t\t<\/div>\n\t\t\t\t<\/div>\n\t\t","protected":false},"excerpt":{"rendered":"<p>NOUS PROPOSONS UNE ESTIMATION GRATUITE AVEC VISITE SUR PLACE Les logiciels n\u2019ont ni l\u2019exp\u00e9rience ni la sensibilit\u00e9 d\u2019une \u00e9quipe de professionnels pour \u00e9valuer votre bien. Pour toute estimation un collaborateur expert se rendra sur place afin de s\u2019impr\u00e9gner de la localisation de votre bien, de l\u2019\u00e9tat de la copropri\u00e9t\u00e9, notera les atouts et effectuera une \u00e9tude de march\u00e9 comparative afin d\u2019en tirer le meilleur prix mais dans un d\u00e9lai raisonnable. Le prix pourra lui-m\u00eame \u00eatre adapt\u00e9 en fonction de votre situation personnelle. 50% des biens vendus par Immocity, le sont sans publicit\u00e9, gr\u00e2ce \u00e0 notre r\u00e9seau interne de clients. VENDRE OU LOUER VOTRE BIEN : Pour effectuer un rendez-vous pour une estimation de votre bien, compl\u00e9tez le formulaire et indiquez-nous vos disponibilit\u00e9s directement en ligne. Un collaborateur prendra contact rapidement avec vous. D\u00e9couvrez nos autres services Location Gestion immobili\u00e8re Mandat de recherche Accompagnement VEFA Prestations diverses<\/p>\n","protected":false},"author":2,"featured_media":0,"parent":0,"menu_order":0,"comment_status":"closed","ping_status":"closed","template":"elementor_header_footer","meta":{"_acf_changed":false,"footnotes":""},"class_list":["post-401096","page","type-page","status-publish","hentry"],"acf":[],"_links":{"self":[{"href":"https:\/\/immocity.lu\/fr\/wp-json\/wp\/v2\/pages\/401096","targetHints":{"allow":["GET"]}}],"collection":[{"href":"https:\/\/immocity.lu\/fr\/wp-json\/wp\/v2\/pages"}],"about":[{"href":"https:\/\/immocity.lu\/fr\/wp-json\/wp\/v2\/types\/page"}],"author":[{"embeddable":true,"href":"https:\/\/immocity.lu\/fr\/wp-json\/wp\/v2\/users\/2"}],"replies":[{"embeddable":true,"href":"https:\/\/immocity.lu\/fr\/wp-json\/wp\/v2\/comments?post=401096"}],"version-history":[{"count":6,"href":"https:\/\/immocity.lu\/fr\/wp-json\/wp\/v2\/pages\/401096\/revisions"}],"predecessor-version":[{"id":470420,"href":"https:\/\/immocity.lu\/fr\/wp-json\/wp\/v2\/pages\/401096\/revisions\/470420"}],"wp:attachment":[{"href":"https:\/\/immocity.lu\/fr\/wp-json\/wp\/v2\/media?parent=401096"}],"curies":[{"name":"wp","href":"https:\/\/api.w.org\/{rel}","templated":true}]}}