{"id":401106,"date":"2024-10-14T15:10:46","date_gmt":"2024-10-14T13:10:46","guid":{"rendered":"https:\/\/immocity.lu\/?page_id=401106"},"modified":"2025-10-14T11:02:28","modified_gmt":"2025-10-14T09:02:28","slug":"services-prestations-diverses","status":"publish","type":"page","link":"https:\/\/immocity.lu\/fr\/services-prestations-diverses\/","title":{"rendered":"Services : Prestations diverses"},"content":{"rendered":"\t\t<div data-elementor-type=\"wp-page\" data-elementor-id=\"401106\" class=\"elementor elementor-401106 elementor-397731\" data-elementor-post-type=\"page\">\n\t\t\t\t\t\t<section class=\"elementor-section elementor-top-section elementor-element elementor-element-0aaa3fc elementor-section-height-min-height animated-slow elementor-section-boxed elementor-section-height-default elementor-section-items-middle wpr-particle-no wpr-jarallax-no wpr-parallax-no wpr-sticky-section-no elementor-invisible\" data-id=\"0aaa3fc\" data-element_type=\"section\" data-settings=\"{&quot;background_background&quot;:&quot;classic&quot;,&quot;animation&quot;:&quot;fadeIn&quot;}\">\n\t\t\t\t\t\t\t<div class=\"elementor-background-overlay\"><\/div>\n\t\t\t\t\t\t\t<div class=\"elementor-container elementor-column-gap-default\">\n\t\t\t\t\t<div class=\"elementor-column elementor-col-100 elementor-top-column elementor-element elementor-element-e9184cf\" data-id=\"e9184cf\" data-element_type=\"column\">\n\t\t\t<div class=\"elementor-widget-wrap\">\n\t\t\t\t\t\t\t<\/div>\n\t\t<\/div>\n\t\t\t\t\t<\/div>\n\t\t<\/section>\n\t\t<div class=\"elementor-element elementor-element-7f51e82 e-flex e-con-boxed wpr-particle-no wpr-jarallax-no wpr-parallax-no wpr-sticky-section-no e-con e-parent\" data-id=\"7f51e82\" data-element_type=\"container\">\n\t\t\t\t\t<div class=\"e-con-inner\">\n\t\t<div class=\"elementor-element elementor-element-574bc29 e-con-full e-flex wpr-particle-no wpr-jarallax-no wpr-parallax-no wpr-sticky-section-no e-con e-child\" data-id=\"574bc29\" data-element_type=\"container\">\n\t\t\t\t<\/div>\n\t\t\t\t\t<\/div>\n\t\t\t\t<\/div>\n\t\t<div class=\"elementor-element elementor-element-cd8e5c6 e-flex e-con-boxed wpr-particle-no wpr-jarallax-no wpr-parallax-no wpr-sticky-section-no e-con e-parent\" data-id=\"cd8e5c6\" data-element_type=\"container\">\n\t\t\t\t\t<div class=\"e-con-inner\">\n\t\t<div class=\"elementor-element elementor-element-3a3f07a e-con-full e-flex wpr-particle-no wpr-jarallax-no wpr-parallax-no wpr-sticky-section-no e-con e-child\" data-id=\"3a3f07a\" data-element_type=\"container\">\n\t\t\t\t<div class=\"elementor-element elementor-element-75e0610 elementor-widget elementor-widget-heading\" data-id=\"75e0610\" data-element_type=\"widget\" data-widget_type=\"heading.default\">\n\t\t\t\t<div class=\"elementor-widget-container\">\n\t\t\t<h2 class=\"elementor-heading-title elementor-size-default\">IMMOCITY LUXEMBOURG PROPOSE \u00c9GALEMENT D'AUTRES PRESTATIONS :<\/h2>\t\t<\/div>\n\t\t\t\t<\/div>\n\t\t\t\t<div class=\"elementor-element elementor-element-00366c9 elementor-widget elementor-widget-text-editor\" data-id=\"00366c9\" data-element_type=\"widget\" data-widget_type=\"text-editor.default\">\n\t\t\t\t<div class=\"elementor-widget-container\">\n\t\t\t\t\t\t\t<ul><li>Gardiennage de clefs<\/li><li>Perte des cl\u00e9s et ouverture de porte<\/li><li>Nettoyage<\/li><li>R\u00e9parations<\/li><li>D\u00e9comptes de charges<\/li><li>Aide administrative<\/li><li>R\u00e9alisation de plans et visualisations 3D<\/li><li>Gestion du courrier<\/li><li>Frais de gestion occasionnelle<\/li><li>Participation et pr\u00e9paration aux assembl\u00e9es g\u00e9n\u00e9rales<\/li><\/ul>\t\t\t\t\t\t<\/div>\n\t\t\t\t<\/div>\n\t\t\t\t<\/div>\n\t\t\t\t<div class=\"elementor-element elementor-element-665b4a2 elementor-widget elementor-widget-image\" data-id=\"665b4a2\" data-element_type=\"widget\" data-widget_type=\"image.default\">\n\t\t\t\t<div class=\"elementor-widget-container\">\n\t\t\t\t\t\t\t\t\t\t\t\t\t<img fetchpriority=\"high\" decoding=\"async\" width=\"1024\" height=\"683\" src=\"https:\/\/immocity.lu\/wp-content\/uploads\/2024\/07\/smiling-real-estate-agent-talking-with-couple-interested-buying-new-home-1024x683.jpg\" class=\"attachment-large size-large wp-image-397067\" alt=\"Visiting an apartment\" srcset=\"https:\/\/immocity.lu\/wp-content\/uploads\/2024\/07\/smiling-real-estate-agent-talking-with-couple-interested-buying-new-home-1024x683.jpg 1024w, https:\/\/immocity.lu\/wp-content\/uploads\/2024\/07\/smiling-real-estate-agent-talking-with-couple-interested-buying-new-home-300x200.jpg 300w, https:\/\/immocity.lu\/wp-content\/uploads\/2024\/07\/smiling-real-estate-agent-talking-with-couple-interested-buying-new-home-768x512.jpg 768w, https:\/\/immocity.lu\/wp-content\/uploads\/2024\/07\/smiling-real-estate-agent-talking-with-couple-interested-buying-new-home-1536x1024.jpg 1536w, https:\/\/immocity.lu\/wp-content\/uploads\/2024\/07\/smiling-real-estate-agent-talking-with-couple-interested-buying-new-home-2048x1365.jpg 2048w, https:\/\/immocity.lu\/wp-content\/uploads\/2024\/07\/smiling-real-estate-agent-talking-with-couple-interested-buying-new-home-900x600.jpg 900w, https:\/\/immocity.lu\/wp-content\/uploads\/2024\/07\/smiling-real-estate-agent-talking-with-couple-interested-buying-new-home-496x331.jpg 496w\" sizes=\"(max-width: 1024px) 100vw, 1024px\" \/>\t\t\t\t\t\t\t\t\t\t\t\t\t<\/div>\n\t\t\t\t<\/div>\n\t\t\t\t\t<\/div>\n\t\t\t\t<\/div>\n\t\t<div class=\"elementor-element elementor-element-08905a5 e-con-full e-flex wpr-particle-no wpr-jarallax-no wpr-parallax-no wpr-sticky-section-no e-con e-parent\" data-id=\"08905a5\" data-element_type=\"container\">\n\t\t\t\t<div class=\"elementor-element elementor-element-a5125ee elementor-widget elementor-widget-heading\" data-id=\"a5125ee\" data-element_type=\"widget\" data-widget_type=\"heading.default\">\n\t\t\t\t<div class=\"elementor-widget-container\">\n\t\t\t<h2 class=\"elementor-heading-title elementor-size-default\">D\u00e9couvrez nos autres services<\/h2>\t\t<\/div>\n\t\t\t\t<\/div>\n\t\t<div class=\"elementor-element elementor-element-54ae5b0 e-con-full e-flex wpr-particle-no wpr-jarallax-no wpr-parallax-no wpr-sticky-section-no e-con e-child\" data-id=\"54ae5b0\" data-element_type=\"container\">\n\t\t\t\t<div class=\"elementor-element elementor-element-b2f2678 elementor-align-left elementor-widget elementor-widget-button\" data-id=\"b2f2678\" data-element_type=\"widget\" data-widget_type=\"button.default\">\n\t\t\t\t<div class=\"elementor-widget-container\">\n\t\t\t\t\t<div class=\"elementor-button-wrapper\">\n\t\t\t<a class=\"elementor-button elementor-button-link elementor-size-sm\" href=\"https:\/\/immocity.lu\/fr\/services-location\/\">\n\t\t\t\t\t\t<span class=\"elementor-button-content-wrapper\">\n\t\t\t\t\t\t\t\t\t<span class=\"elementor-button-text\">Location<\/span>\n\t\t\t\t\t<\/span>\n\t\t\t\t\t<\/a>\n\t\t<\/div>\n\t\t\t\t<\/div>\n\t\t\t\t<\/div>\n\t\t\t\t<div class=\"elementor-element elementor-element-1fd98df elementor-align-left elementor-widget elementor-widget-button\" data-id=\"1fd98df\" data-element_type=\"widget\" data-widget_type=\"button.default\">\n\t\t\t\t<div class=\"elementor-widget-container\">\n\t\t\t\t\t<div class=\"elementor-button-wrapper\">\n\t\t\t<a class=\"elementor-button elementor-button-link elementor-size-sm\" href=\"https:\/\/immocity.lu\/fr\/services-vente\/\">\n\t\t\t\t\t\t<span class=\"elementor-button-content-wrapper\">\n\t\t\t\t\t\t\t\t\t<span class=\"elementor-button-text\">Vente<\/span>\n\t\t\t\t\t<\/span>\n\t\t\t\t\t<\/a>\n\t\t<\/div>\n\t\t\t\t<\/div>\n\t\t\t\t<\/div>\n\t\t\t\t<div class=\"elementor-element elementor-element-e17a5c9 elementor-align-left elementor-widget elementor-widget-button\" data-id=\"e17a5c9\" data-element_type=\"widget\" data-widget_type=\"button.default\">\n\t\t\t\t<div class=\"elementor-widget-container\">\n\t\t\t\t\t<div class=\"elementor-button-wrapper\">\n\t\t\t<a class=\"elementor-button elementor-button-link elementor-size-sm\" href=\"https:\/\/immocity.lu\/fr\/services-gestion-immobiliere\/\">\n\t\t\t\t\t\t<span class=\"elementor-button-content-wrapper\">\n\t\t\t\t\t\t\t\t\t<span class=\"elementor-button-text\">Gestion immobili\u00e8re<\/span>\n\t\t\t\t\t<\/span>\n\t\t\t\t\t<\/a>\n\t\t<\/div>\n\t\t\t\t<\/div>\n\t\t\t\t<\/div>\n\t\t\t\t<div class=\"elementor-element elementor-element-7209071 elementor-align-left elementor-widget__width-initial elementor-widget elementor-widget-button\" data-id=\"7209071\" data-element_type=\"widget\" data-widget_type=\"button.default\">\n\t\t\t\t<div class=\"elementor-widget-container\">\n\t\t\t\t\t<div class=\"elementor-button-wrapper\">\n\t\t\t<a class=\"elementor-button elementor-button-link elementor-size-sm\" href=\"https:\/\/immocity.lu\/fr\/services-mandat-de-recherche\/\">\n\t\t\t\t\t\t<span class=\"elementor-button-content-wrapper\">\n\t\t\t\t\t\t\t\t\t<span class=\"elementor-button-text\">Mandat de recherche<\/span>\n\t\t\t\t\t<\/span>\n\t\t\t\t\t<\/a>\n\t\t<\/div>\n\t\t\t\t<\/div>\n\t\t\t\t<\/div>\n\t\t\t\t<div class=\"elementor-element elementor-element-dd93329 elementor-align-left elementor-widget__width-initial elementor-widget elementor-widget-button\" data-id=\"dd93329\" data-element_type=\"widget\" data-widget_type=\"button.default\">\n\t\t\t\t<div class=\"elementor-widget-container\">\n\t\t\t\t\t<div class=\"elementor-button-wrapper\">\n\t\t\t<a class=\"elementor-button elementor-button-link elementor-size-sm\" href=\"https:\/\/immocity.lu\/fr\/services-accompagnement-vefa\/\">\n\t\t\t\t\t\t<span class=\"elementor-button-content-wrapper\">\n\t\t\t\t\t\t\t\t\t<span class=\"elementor-button-text\">Accompagnement VEFA<\/span>\n\t\t\t\t\t<\/span>\n\t\t\t\t\t<\/a>\n\t\t<\/div>\n\t\t\t\t<\/div>\n\t\t\t\t<\/div>\n\t\t\t\t<\/div>\n\t\t\t\t<\/div>\n\t\t\t\t<\/div>\n\t\t","protected":false},"excerpt":{"rendered":"<p>IMMOCITY LUXEMBOURG PROPOSE \u00c9GALEMENT D&#8217;AUTRES PRESTATIONS : Gardiennage de clefs Perte des cl\u00e9s et ouverture de porte Nettoyage R\u00e9parations D\u00e9comptes de charges Aide administrative R\u00e9alisation de plans et visualisations 3D Gestion du courrier Frais de gestion occasionnelle Participation et pr\u00e9paration aux assembl\u00e9es g\u00e9n\u00e9rales D\u00e9couvrez nos autres services Location Vente Gestion immobili\u00e8re Mandat de recherche Accompagnement VEFA<\/p>\n","protected":false},"author":2,"featured_media":0,"parent":0,"menu_order":0,"comment_status":"closed","ping_status":"closed","template":"elementor_header_footer","meta":{"_acf_changed":false,"footnotes":""},"class_list":["post-401106","page","type-page","status-publish","hentry"],"acf":[],"_links":{"self":[{"href":"https:\/\/immocity.lu\/fr\/wp-json\/wp\/v2\/pages\/401106","targetHints":{"allow":["GET"]}}],"collection":[{"href":"https:\/\/immocity.lu\/fr\/wp-json\/wp\/v2\/pages"}],"about":[{"href":"https:\/\/immocity.lu\/fr\/wp-json\/wp\/v2\/types\/page"}],"author":[{"embeddable":true,"href":"https:\/\/immocity.lu\/fr\/wp-json\/wp\/v2\/users\/2"}],"replies":[{"embeddable":true,"href":"https:\/\/immocity.lu\/fr\/wp-json\/wp\/v2\/comments?post=401106"}],"version-history":[{"count":6,"href":"https:\/\/immocity.lu\/fr\/wp-json\/wp\/v2\/pages\/401106\/revisions"}],"predecessor-version":[{"id":470437,"href":"https:\/\/immocity.lu\/fr\/wp-json\/wp\/v2\/pages\/401106\/revisions\/470437"}],"wp:attachment":[{"href":"https:\/\/immocity.lu\/fr\/wp-json\/wp\/v2\/media?parent=401106"}],"curies":[{"name":"wp","href":"https:\/\/api.w.org\/{rel}","templated":true}]}}